{"id":176,"date":"2022-08-10T10:00:25","date_gmt":"2022-08-10T14:00:25","guid":{"rendered":"https:\/\/orbittech.com\/stage\/about-us\/"},"modified":"2022-10-07T14:55:27","modified_gmt":"2022-10-07T14:55:27","slug":"profil","status":"publish","type":"page","link":"https:\/\/orbittech.com\/fr\/profil\/","title":{"rendered":"Profil"},"content":{"rendered":"<div class=\"wpb-content-wrapper\"><p>[vc_row el_class=\u00a0\u00bbdp-about-intro-sec\u00a0\u00bb css=\u00a0\u00bb.vc_custom_1660020801661{background-color: #f6f6f6 !important;}\u00a0\u00bb][vc_column][vc_row_inner el_class=\u00a0\u00bbcontainer\u00a0\u00bb][vc_column_inner]<div class=\"dp-imagebox-sec  wpb_animate_when_almost_visible wpb_fadeInUp fadeInUp dp-imagebox-style-1 dp-imagebox-align-left\">\r\n      <div class=\"row\">                \r\n      <div class=\"col-xl-5 dp-imagebox-img-wrap\">\r\n      <div class=\"dp-imagebox-img\" style=\"background-image:url(https:\/\/orbittech.com\/wp-content\/uploads\/2022\/08\/about-us-intro1.jpg)\"><\/div><div class=\"dp-imagebox-img-1\" style=\"background-image:url(https:\/\/orbittech.com\/wp-content\/uploads\/2022\/08\/Mask-group@2x1.jpg)\"><\/div><\/div>\r\n      <div class=\"col-xl-7\"><div class=\"dp-imagebox-content\">\r\n      <h2>Qui nous sommes<\/h2><p>Depuis 1995, Orbit a aid\u00e9 et soutenu les clients \u00e0 chaque \u00e9tape du cycle de vie de produit de la conception \u00e0 la production et \u00e0 la logistique de volume cl\u00e9s en main. Nous travaillons \u00e9troitement avec la technologie du client, la fabrication et le service des achats pour leur apporter les solutions les plus efficaces. Nous nous effor\u00e7ons pour aider \u00e0 d\u00e9veloppez une synergie forte entre nos clients et nos partenaires (fabricants).<\/p>\n<a href=\"\/fr\/demander-un-devis\/\" class=\"btn btn-primary\"><span>Demander un devis<i class=\"dipicon-arrow-1-right\"><\/i><\/span><\/a><\/div>\r\n      <\/div>\r\n      <\/div>\r\n      <\/div>[\/vc_column_inner][\/vc_row_inner][\/vc_column][\/vc_row][vc_row el_class=\u00a0\u00bbdp-about-intro-sec\u00a0\u00bb css=\u00a0\u00bb.vc_custom_1660020801661{background-color: #f6f6f6 !important;}\u00a0\u00bb][vc_column][vc_row_inner el_class=\u00a0\u00bbcontainer\u00a0\u00bb][vc_column_inner]<div class=\"dp-imagebox-sec  wpb_animate_when_almost_visible wpb_fadeInUp fadeInUp dp-imagebox-style-2 dp-imagebox-align-right\">\r\n      <div class=\"row\">                \r\n      <div class=\"col-xl-5 dp-imagebox-img-wrap\">\r\n      <div class=\"dp-imagebox-img\" style=\"background-image:url(https:\/\/orbittech.com\/wp-content\/uploads\/2022\/08\/what-we-do1.jpg)\"><\/div><div class=\"dp-imagebox-numbers-block\"><span class=\"dp-imagebox-number-item\"><strong>90+<\/strong><small>Clients satisfaits<\/small><\/span><span class=\"dp-imagebox-number-item\"><strong>120+<\/strong><small>Projets r\u00e9alis\u00e9s<\/small><\/span><\/div><\/div>\r\n      <div class=\"col-xl-7\"><div class=\"dp-imagebox-content\">\r\n      <h2>Ce que nous faisons<\/h2><p>Nos partenaires sont de classe mondiale offrant la conception, la fabrication et des solutions cl\u00e9s en main. Ils maintiennent ces efforts par leurs installations domestiques et\/ou par celles d&rsquo;outre-mer. Nos partenaires offrent des solutions de valeurs ajoute, soutenant le cycle de vie de produit entier avec la technologie forte, la technologie de pointe, la vitesse au march\u00e9, la transition sans couture \u00e0 la production de volume, et la fabrication peu co\u00fbteuse de r\u00e9gion.<\/p>\n<a href=\"\/fr\/demander-un-devis\/\" class=\"btn btn-primary\"><span>Demander un devis<i class=\"dipicon-arrow-1-right\"><\/i><\/span><\/a><\/div>\r\n      <\/div>\r\n      <\/div>\r\n      <\/div>[\/vc_column_inner][\/vc_row_inner][\/vc_column][\/vc_row][vc_row el_class=\u00a0\u00bbdp-about-what-we-cater\u00a0\u00bb][vc_column][vc_row_inner el_class=\u00a0\u00bbcontainer\u00a0\u00bb][vc_column_inner]<div class=\"dp-intro-block  wpb_animate_when_almost_visible wpb_fadeInUp fadeInUp dp-intro-block-align-right dp-intro-block-img-stretch-no\">\r\n                  <div class=\"row\">\r\n                    <div class=\"col-lg-6 col-md-10\">\r\n                      <div class=\"dp-intro-block-white\"><h2>\u00c0 qui nous servons<\/h2><p>Nos clients sont des OEM (Original Equipment Manufacturer) s&rsquo;\u00e9tendant de R&amp;D D\u00e9marrages \u00e0 de grandes multinationales offrant les produits de haute qualit\u00e9 et de haute valeur et les services dans divers march\u00e9s comprenant le t\u00e9l\u00e9com, ordinateur\/datacom, m\u00e9dical, la d\u00e9fense\/ a\u00e9rospatial, industriel, instrumentation, s\u00e9curit\u00e9, transport, et sous-traitant en electronique.<\/p>\n<a href=\"\/fr\/demander-un-devis\/\" class=\"btn btn-primary\"><span>Demander un devis<i class=\"dipicon-arrow-1-right\"><\/i><\/span><\/a><\/div>\r\n                    <\/div>\r\n                    <div class=\"col-lg-6 col-md-2 dp-intro-img-wrap\">\r\n                      <div class=\"dp-intro-img\" style=\"background-image:url(https:\/\/orbittech.com\/wp-content\/uploads\/2022\/08\/what-we-cater1.jpg)\"><\/div>\r\n                    <\/div>\r\n                  <\/div>\r\n                <\/div>[\/vc_column_inner][\/vc_row_inner][\/vc_column][\/vc_row][vc_row css=\u00a0\u00bb.vc_custom_1659375642696{padding-top: 0px !important;}\u00a0\u00bb][vc_column][vc_row_inner el_class=\u00a0\u00bbcontainer\u00a0\u00bb][vc_column_inner]<div class=\"dp-cta  wpb_animate_when_almost_visible wpb_fadeInUp fadeInUp\" style=\"background-image:url(https:\/\/orbittech.com\/wp-content\/uploads\/2022\/08\/cta-bg-scaled.jpg)\">\r\n              <div class=\"dp-cta-inner\">\r\n                <h3>Contactez-nous pour lancer votre projet!<\/h3>\r\n                <a href=\"\/fr\/demander-un-devis\/\" class=\"btn btn-primary dp-btn-no-icon\">Demander un devis<\/a>\r\n              <\/div>\r\n            <\/div>[\/vc_column_inner][\/vc_row_inner][\/vc_column][\/vc_row]<\/p>\n<\/div>","protected":false},"excerpt":{"rendered":"<p>[vc_row el_class=\u00a0\u00bbdp-about-intro-sec\u00a0\u00bb css=\u00a0\u00bb.vc_custom_1660020801661{background-color: #f6f6f6 !important;}\u00a0\u00bb][vc_column][vc_row_inner el_class=\u00a0\u00bbcontainer\u00a0\u00bb][vc_column_inner][\/vc_column_inner][\/vc_row_inner][\/vc_column][\/vc_row][vc_row el_class=\u00a0\u00bbdp-about-intro-sec\u00a0\u00bb css=\u00a0\u00bb.vc_custom_1660020801661{background-color: #f6f6f6 !important;}\u00a0\u00bb][vc_column][vc_row_inner el_class=\u00a0\u00bbcontainer\u00a0\u00bb][vc_column_inner][\/vc_column_inner][\/vc_row_inner][\/vc_column][\/vc_row][vc_row el_class=\u00a0\u00bbdp-about-what-we-cater\u00a0\u00bb][vc_column][vc_row_inner el_class=\u00a0\u00bbcontainer\u00a0\u00bb][vc_column_inner][\/vc_column_inner][\/vc_row_inner][\/vc_column][\/vc_row][vc_row css=\u00a0\u00bb.vc_custom_1659375642696{padding-top: 0px !important;}\u00a0\u00bb][vc_column][vc_row_inner el_class=\u00a0\u00bbcontainer\u00a0\u00bb][vc_column_inner][\/vc_column_inner][\/vc_row_inner][\/vc_column][\/vc_row]<\/p>\n","protected":false},"author":1,"featured_media":101,"parent":0,"menu_order":0,"comment_status":"closed","ping_status":"closed","template":"","meta":{"_acf_changed":false,"footnotes":""},"class_list":["post-176","page","type-page","status-publish","has-post-thumbnail","hentry"],"acf":[],"_links":{"self":[{"href":"https:\/\/orbittech.com\/fr\/wp-json\/wp\/v2\/pages\/176","targetHints":{"allow":["GET"]}}],"collection":[{"href":"https:\/\/orbittech.com\/fr\/wp-json\/wp\/v2\/pages"}],"about":[{"href":"https:\/\/orbittech.com\/fr\/wp-json\/wp\/v2\/types\/page"}],"author":[{"embeddable":true,"href":"https:\/\/orbittech.com\/fr\/wp-json\/wp\/v2\/users\/1"}],"replies":[{"embeddable":true,"href":"https:\/\/orbittech.com\/fr\/wp-json\/wp\/v2\/comments?post=176"}],"version-history":[{"count":9,"href":"https:\/\/orbittech.com\/fr\/wp-json\/wp\/v2\/pages\/176\/revisions"}],"predecessor-version":[{"id":332,"href":"https:\/\/orbittech.com\/fr\/wp-json\/wp\/v2\/pages\/176\/revisions\/332"}],"wp:featuredmedia":[{"embeddable":true,"href":"https:\/\/orbittech.com\/fr\/wp-json\/wp\/v2\/media\/101"}],"wp:attachment":[{"href":"https:\/\/orbittech.com\/fr\/wp-json\/wp\/v2\/media?parent=176"}],"curies":[{"name":"wp","href":"https:\/\/api.w.org\/{rel}","templated":true}]}}