{"id":181,"date":"2022-08-10T12:57:31","date_gmt":"2022-08-10T16:57:31","guid":{"rendered":"https:\/\/orbittech.com\/stage\/products-services\/"},"modified":"2024-12-03T10:59:10","modified_gmt":"2024-12-03T14:59:10","slug":"produits-services","status":"publish","type":"page","link":"https:\/\/orbittech.com\/fr\/produits-services\/","title":{"rendered":"Produits &#038; Services"},"content":{"rendered":"<div class=\"wpb-content-wrapper\"><p>[vc_row equal_height=\u00a0\u00bbyes\u00a0\u00bb el_class=\u00a0\u00bbcontainer dp-products-services-sec\u00a0\u00bb][vc_column offset=\u00a0\u00bbvc_col-lg-4&Prime;][vc_custom_heading text=\u00a0\u00bbNous offrons une vari\u00e9t\u00e9 de produits et services\u00a0\u00bb use_theme_fonts=\u00a0\u00bbyes\u00a0\u00bb css_animation=\u00a0\u00bbfadeIn\u00a0\u00bb][vc_column_text css_animation=\u00a0\u00bbfadeIn\u00a0\u00bb]Orbit Technologies Inc. est un repr\u00e9sentant de fabricants de classe mondial de produits faits sur mesure et de services pour l&rsquo;industrie d&rsquo;\u00e9lectronique.[\/vc_column_text][vc_btn title=\u00a0\u00bbDemander un devis\u00a0\u00bb css_animation=\u00a0\u00bbfadeIn\u00a0\u00bb link=\u00a0\u00bburl:%2Ffr%2Fdemander-un-devis%2F\u00a0\u00bb][\/vc_column][vc_column offset=\u00a0\u00bbvc_col-lg-8&Prime;][vc_row_inner equal_height=\u00a0\u00bbyes\u00a0\u00bb][vc_column_inner width=\u00a0\u00bb1\/2&Prime;]<div class=\"dp-icon-block  wpb_animate_when_almost_visible wpb_fadeInUp fadeInUp\">\n    <div class=\"dp-icon-block-inner\"><i class=\"dp-icon-block-img\" style=\"background-image:url(https:\/\/orbittech.com\/wp-content\/uploads\/2022\/08\/electronic-design1.png)\"><\/i><h4>Services de Design \u00c9lectroniques<\/h4>\n    <p><span class=\"description\">Si vous avez besoin d&rsquo;une solution bout \u00e0 bout ou d&rsquo;une aide vis\u00e9e sur une petite conception, nous pouvons r\u00e9pondre \u00e0 vos besoins \u00e9lectroniques de d\u00e9veloppement de produit.<\/span><\/p>\n<div class=\"dp-iconbox-epandable collapse\" id=\"dp-iconbox-expandable-services-de-design-c3a9lectroniques-69\" ><p>Nous consacrons exp\u00e9riment\u00e9, fortement - les ing\u00e9nieurs et les concepteurs qualifi\u00e9s \u00e0 votre projet. Notre multiple comp\u00e9tence-a plac\u00e9 la gamme de PCB disposition \u00e0 la conception de mat\u00e9riel, FPGA, CPLD et ASIC con\u00e7oivent, int\u00e9grit\u00e9 de signal \u00e0 grande vitesse et RF modelant.<\/p>\n<\/div><a data-bs-toggle=\"collapse\" href=\"#dp-iconbox-expandable-services-de-design-c3a9lectroniques-69\" class=\"btn btn-link collapsed\"><span>En savoir plus<\/span><span>Lire moins<\/span><\/a>    \n    <\/div>\n    <\/div>[\/vc_column_inner][vc_column_inner width=\u00a0\u00bb1\/2&Prime;]<div class=\"dp-icon-block  wpb_animate_when_almost_visible wpb_fadeInUp fadeInUp\">\n    <div class=\"dp-icon-block-inner\"><i class=\"dp-icon-block-img\" style=\"background-image:url(https:\/\/orbittech.com\/wp-content\/uploads\/2022\/08\/pcb-design-validation.png)\"><\/i><h4>Outil et service de validation de conception PCB<\/h4>\n    <p><span class=\"description\">Concevez les outils d&rsquo;analyse maintenant disponibles comme service d&rsquo;Internet par l&rsquo;interm\u00e9diaire d&rsquo;un portail d&rsquo;Internet secure.<\/span><\/p>\n<div class=\"dp-iconbox-epandable collapse\" id=\"dp-iconbox-expandable-outil-et-service-de-validation-de-conception-pcb-64\" ><p>Les outils fournissent l'\u00e9tape essentielle de v\u00e9rification entre le poste de travail de conception de CAO et de fabrication et d'Assembl\u00e9e de carte \u00e9lectronique l'industrie. Notre but primaire est de vous sauver temps et argent. Nous accomplissons ceci en v\u00e9rifiant l'int\u00e9grit\u00e9 du rendement de donn\u00e9es du CAO syst\u00e8me-chaque carte \u00e0 circuits r\u00e9pondrons aux exigences non seulement de la fabrication et l'assembl\u00e9e mais \u00e9galement l'intention de la conception de circuit originale?<\/p>\n<\/div><a data-bs-toggle=\"collapse\" href=\"#dp-iconbox-expandable-outil-et-service-de-validation-de-conception-pcb-64\" class=\"btn btn-link collapsed\"><span>En savoir plus<\/span><span>Lire moins<\/span><\/a>    \n    <\/div>\n    <\/div>[\/vc_column_inner][vc_column_inner width=\u00a0\u00bb1\/2&Prime;]<div class=\"dp-icon-block  wpb_animate_when_almost_visible wpb_fadeInUp fadeInUp\">\n    <div class=\"dp-icon-block-inner\"><i class=\"dp-icon-block-img\" style=\"background-image:url(https:\/\/orbittech.com\/wp-content\/uploads\/2022\/08\/quick-turn-pcb-fabrication.png)\"><\/i><h4>Fabrication Rapide de PCB<\/h4>\n    <p><span class=\"description\">Multisite &#8211; solution fortement fiable et globale aux clients exigeant de la vitesse au lancement sur le march\u00e9. <\/span><\/p>\n<div class=\"dp-iconbox-epandable collapse\" id=\"dp-iconbox-expandable-fabrication-rapide-de-pcb-90\" ><p>- Un focus sur tous les types de tour rapide<br \/>\n- Prototype aussi rapidement que 24 heures<br \/>\n- Technologie de pointe<br \/>\n- Service a la clientele personalise<br \/>\n- Engagement et appui de technologie de classe mondial<br \/>\n- Transition transparent \u00e0 la production de volume<br \/>\n- Prototype rapide en Am\u00e9rique du Nord et en Asie<\/p>\n<\/div><a data-bs-toggle=\"collapse\" href=\"#dp-iconbox-expandable-fabrication-rapide-de-pcb-90\" class=\"btn btn-link collapsed\"><span>En savoir plus<\/span><span>Lire moins<\/span><\/a>    \n    <\/div>\n    <\/div>[\/vc_column_inner][vc_column_inner width=\u00a0\u00bb1\/2&Prime;]<div class=\"dp-icon-block  wpb_animate_when_almost_visible wpb_fadeInUp fadeInUp\">\n    <div class=\"dp-icon-block-inner\"><i class=\"dp-icon-block-img\" style=\"background-image:url(https:\/\/orbittech.com\/wp-content\/uploads\/2022\/08\/production-volume-pcb-fabrication.png)\"><\/i><h4>Fabrication de Volume de Production de PCB<\/h4>\n    <p><span class=\"description\">Multisite, solution fiable et globale aux clients exigeant de la vitesse de lancer sur le march\u00e9. <\/span><\/p>\n<div class=\"dp-iconbox-epandable collapse\" id=\"dp-iconbox-expandable-fabrication-de-volume-de-production-de-pcb-35\" ><p>- Petit volume au grand volume<br \/>\n- Commercial et Militaires<br \/>\n- Technologie Standard \u00e0 la technologie de pointe<br \/>\n- Global ERP\/MRP Syst\u00e8me<br \/>\n- Support technique avec FAE et DFM<br \/>\n- Transition transparante \u00e0 la production de volume<br \/>\n- Support de production en Am\u00e9rique du Nord et en Asie<\/p>\n<\/div><a data-bs-toggle=\"collapse\" href=\"#dp-iconbox-expandable-fabrication-de-volume-de-production-de-pcb-35\" class=\"btn btn-link collapsed\"><span>En savoir plus<\/span><span>Lire moins<\/span><\/a>    \n    <\/div>\n    <\/div>[\/vc_column_inner][vc_column_inner width=\u00a0\u00bb1\/2&Prime;]<div class=\"dp-icon-block  wpb_animate_when_almost_visible wpb_fadeInUp fadeInUp\">\n    <div class=\"dp-icon-block-inner\"><i class=\"dp-icon-block-img\" style=\"background-image:url(https:\/\/orbittech.com\/wp-content\/uploads\/2022\/08\/backspace-electro-mechanical.png)\"><\/i><h4>Backplanes et Services \u00c9lectro M\u00e9caniques<\/h4>\n    <p><span class=\"description\">Nous offrons une panoplie des moyens large, y compris des processus plomb\u00e9s et sans plomb, pour assembler des composants sur un panneau de carte m\u00e8re de circuit imprim\u00e9.<\/span><\/p>\n<div class=\"dp-iconbox-epandable collapse\" id=\"dp-iconbox-expandable-backplanes-et-services-c3a9lectro-mc3a9caniques-66\" ><p>Les composants incluent les dispositifs actifs et passifs, composants Thru-Hole (soud\u00e9), composants (conformes) d'ajustement de presse, et une s\u00e9rie de mat\u00e9riel de support. Le plein essai et les possibilit\u00e9s d'AOI assurent les produits livr\u00e9s sont de plus haute qualit\u00e9.<\/p>\n<\/div><a data-bs-toggle=\"collapse\" href=\"#dp-iconbox-expandable-backplanes-et-services-c3a9lectro-mc3a9caniques-66\" class=\"btn btn-link collapsed\"><span>En savoir plus<\/span><span>Lire moins<\/span><\/a>    \n    <\/div>\n    <\/div>[\/vc_column_inner][vc_column_inner width=\u00a0\u00bb1\/2&Prime;]<div class=\"dp-icon-block  wpb_animate_when_almost_visible wpb_fadeInUp fadeInUp\">\n    <div class=\"dp-icon-block-inner\"><i class=\"dp-icon-block-img\" style=\"background-image:url(https:\/\/orbittech.com\/wp-content\/uploads\/2022\/08\/flex-rigid-flex-flexible.png)\"><\/i><h4>Fabrication de PCB Flexible et Rigid-Flex<\/h4>\n    <p>Fabrication<\/p>\n<p>&#8211; Flex de simple face a 24 couches<br \/>\n&#8211; Rigide-Flex jusqu&rsquo;\u00e0 24 couches<br \/>\n&#8211; C\u00e2ble d\u00e9cal\u00e9 de couche<\/p>\n<div class=\"dp-iconbox-epandable collapse\" id=\"dp-iconbox-expandable-fabrication-de-pcb-flexible-et-rigid-flex-17\" ><p>- Acc\u00e8s lat\u00e9ral duel<br \/>\n- Vias borgnes et enterr\u00e9<br \/>\n- Construction de ``bikini`` (couverture partiel)<br \/>\n- Pleine construction de polyimide<br \/>\n- Mat\u00e9riaux sans Adhesives<br \/>\n- Vias rempli par epoxy conductif<br \/>\n- V\u00e9rification de conception d'imp\u00e9dance<br \/>\n- Logiciel Valor Genesis ODB++<br \/>\n- MMIL-50884, ISO 9001, RoHS, et ITAR<br \/>\n- Usines domestiques et asiatiques.<\/p>\n<\/div><a data-bs-toggle=\"collapse\" href=\"#dp-iconbox-expandable-fabrication-de-pcb-flexible-et-rigid-flex-17\" class=\"btn btn-link collapsed\"><span>En savoir plus<\/span><span>Lire moins<\/span><\/a>    \n    <\/div>\n    <\/div>[\/vc_column_inner][vc_column_inner width=\u00a0\u00bb1\/2&Prime;]<div class=\"dp-icon-block  wpb_animate_when_almost_visible wpb_fadeInUp fadeInUp\">\n    <div class=\"dp-icon-block-inner\"><i class=\"dp-icon-block-img\" style=\"background-image:url(https:\/\/orbittech.com\/wp-content\/uploads\/2022\/08\/copper-wite.png)\"><\/i><h4>Fil de Cuivre et C\u00e2ble<\/h4>\n    <p>&#8211; ALPHA<br \/>\n&#8211; BELDEN<br \/>\n&#8211; BERKSHIRE<br \/>\n&#8211; BERTEK<\/p>\n<div class=\"dp-iconbox-epandable collapse\" id=\"dp-iconbox-expandable-fil-de-cuivre-et-cc3a2ble-24\" ><p>- COMM\/SCOPE<br \/>\n- HARBOUR INDUSTRIES<br \/>\n- HELIX\/HI-TEMP<br \/>\n- HITACHI<br \/>\n- NORCOM\/CDT (NORDX)*<br \/>\n- PROMARK (WIRE &amp; CABLE)<\/p>\n<\/div><a data-bs-toggle=\"collapse\" href=\"#dp-iconbox-expandable-fil-de-cuivre-et-cc3a2ble-24\" class=\"btn btn-link collapsed\"><span>En savoir plus<\/span><span>Lire moins<\/span><\/a>    \n    <\/div>\n    <\/div>[\/vc_column_inner][vc_column_inner width=\u00a0\u00bb1\/2&Prime;]<div class=\"dp-icon-block  wpb_animate_when_almost_visible wpb_fadeInUp fadeInUp\">\n    <div class=\"dp-icon-block-inner\"><i class=\"dp-icon-block-img\" style=\"background-image:url(https:\/\/orbittech.com\/wp-content\/uploads\/2022\/08\/cable-assemblies.png)\"><\/i><h4>C\u00e2bles \u00c9quip\u00e9s et Harnais<\/h4>\n    <p>&#8211; Harnais de fil complexe<br \/>\n&#8211; Assemblage de C\u00e2bles RF et micro-ondes<br \/>\n&#8211; C\u00e2ble\/fils de pullover discrets<\/p>\n<div class=\"dp-iconbox-epandable collapse\" id=\"dp-iconbox-expandable-cc3a2bles-c3a9quipc3a9s-et-harnais-86\" ><p>- C\u00e2ble coaxial de liaison (rond et planaire)<br \/>\n- C\u00e2ble d'Overmolded (puissance et signal)<br \/>\n- C\u00e2ble de donn\u00e9es \u00e0 grande vitesse (RS232, SCSI, SATA)<br \/>\n- C\u00e2ble plat prot\u00e9g\u00e9\/rev\u00eatu d'appartement<br \/>\n- Cordes moul\u00e9es de courant alternatif<br \/>\n- Int\u00e9gration \u00e9lectrom\u00e9canique<br \/>\n- Approbations d'agence mondiales<br \/>\n- Usines domestiques et asiatiques<\/p>\n<\/div><a data-bs-toggle=\"collapse\" href=\"#dp-iconbox-expandable-cc3a2bles-c3a9quipc3a9s-et-harnais-86\" class=\"btn btn-link collapsed\"><span>En savoir plus<\/span><span>Lire moins<\/span><\/a>    \n    <\/div>\n    <\/div>[\/vc_column_inner][vc_column_inner width=\u00a0\u00bb1\/2&Prime;]<div class=\"dp-icon-block  wpb_animate_when_almost_visible wpb_fadeInUp fadeInUp\">\n    <div class=\"dp-icon-block-inner\"><i class=\"dp-icon-block-img\" style=\"background-image:url(https:\/\/orbittech.com\/wp-content\/uploads\/2022\/08\/metal-fabrication.png)\"><\/i><h4>L'estampage et transformation du m\u00e9tal en feuille<\/h4>\n    <p><span class=\"description\">Accomplissez la solution de fabrication de m\u00e9tal en feuilles pour r\u00e9pondre \u00e0 nos exigences de clients de concept et de conception de produit a la production de prototypage et de volume.<br \/>\n<\/span><\/p>\n<div class=\"dp-iconbox-epandable collapse\" id=\"dp-iconbox-expandable-lestampage-et-transformation-du-mc3a9tal-en-feuille-91\" ><p>Nous soutenons des clients dans l'industriel et l'instrumentation, m\u00e9dical, consommateur, ordinateur\/t\u00e9l\u00e9matique et industries des t\u00e9l\u00e9communications. Nous soutenons une s\u00e9rie de solutions.<\/p>\n<\/div><a data-bs-toggle=\"collapse\" href=\"#dp-iconbox-expandable-lestampage-et-transformation-du-mc3a9tal-en-feuille-91\" class=\"btn btn-link collapsed\"><span>En savoir plus<\/span><span>Lire moins<\/span><\/a>    \n    <\/div>\n    <\/div>[\/vc_column_inner][vc_column_inner width=\u00a0\u00bb1\/2&Prime;]<div class=\"dp-icon-block  wpb_animate_when_almost_visible wpb_fadeInUp fadeInUp\">\n    <div class=\"dp-icon-block-inner\"><i class=\"dp-icon-block-img\" style=\"background-image:url(https:\/\/orbittech.com\/wp-content\/uploads\/2022\/08\/fiber-optic.png)\"><\/i><h4>Cordes et ensembles de raccordement a fibre optiques<\/h4>\n    <p>&#8211; Cordes de raccordement de fibre<br \/>\n&#8211; (SC\/ST\/FC)<br \/>\n&#8211; (SC\/ST\/FC)<br \/>\n&#8211; Terminaisons MTRJ<\/p>\n<div class=\"dp-iconbox-epandable collapse\" id=\"dp-iconbox-expandable-cordes-et-ensembles-de-raccordement-a-fibre-optiques-70\" ><p>- Terminaisons MPO<br \/>\n- Harnais et troncs de fibre<br \/>\n- Bo\u00eetes de fibre et plateaux d'\u00e9pissure<br \/>\n- Adapteurs, panneaux, et att\u00e9nuateurs<br \/>\n- Connecteurs de fibre<br \/>\n- Plug &amp; Play<br \/>\n- Convertisseurs de m\u00e9dia<br \/>\n- Fabrication en M\u00e9tal<br \/>\n- Petit \u00e0 de gros volumes<br \/>\n- Fabrication Rapide et NPI<br \/>\n- Usines domestiques et asiatiques<\/p>\n<\/div><a data-bs-toggle=\"collapse\" href=\"#dp-iconbox-expandable-cordes-et-ensembles-de-raccordement-a-fibre-optiques-70\" class=\"btn btn-link collapsed\"><span>En savoir plus<\/span><span>Lire moins<\/span><\/a>    \n    <\/div>\n    <\/div>[\/vc_column_inner][vc_column_inner width=\u00a0\u00bb1\/2&Prime;]<div class=\"dp-icon-block  wpb_animate_when_almost_visible wpb_fadeInUp fadeInUp\">\n    <div class=\"dp-icon-block-inner\"><i class=\"dp-icon-block-img\" style=\"background-image:url(https:\/\/orbittech.com\/wp-content\/uploads\/2022\/08\/plastick-injection.png)\"><\/i><h4>Moulage par Injection en Plastique<\/h4>\n    <p>&#8211; Outillage de production et de pi\u00e8ces livr\u00e9es en un temps record!<br \/>\n&#8211; Moules de haute pr\u00e9cision, les tol\u00e9rances sur les composants \u00e0 5 \u00b5m capacit\u00e9 de presse de 60-tonnes a 388-tonnes<br \/>\n&#8211; Premiers services programme de support en g\u00e9nie<\/p>\n<div class=\"dp-iconbox-epandable collapse\" id=\"dp-iconbox-expandable-moulage-par-injection-en-plastique-94\" ><p>- Deux et trois injection capacit\u00e9s<br \/>\n- Ins\u00e9rez-surmoulage de mat\u00e9riaux ``doux au toucher``<br \/>\n- Peinture, le blindage et les capacit\u00e9s de tampographie<br \/>\n- Services d'assemblage \u00e0 valeur ajout\u00e9e<br \/>\n- V\u00e9rification de la conception \u00e0 l'aide SLA \/ SLS &amp; castings ur\u00e9thane<br \/>\n- Le prototypage rapide processus Disponibles<br \/>\n- Design pour la manufacturabilit\u00e9<\/p>\n<\/div><a data-bs-toggle=\"collapse\" href=\"#dp-iconbox-expandable-moulage-par-injection-en-plastique-94\" class=\"btn btn-link collapsed\"><span>En savoir plus<\/span><span>Lire moins<\/span><\/a>    \n    <\/div>\n    <\/div>[\/vc_column_inner][vc_column_inner width=\u00a0\u00bb1\/2&Prime;]<div class=\"dp-icon-block  wpb_animate_when_almost_visible wpb_fadeInUp fadeInUp\">\n    <div class=\"dp-icon-block-inner\"><i class=\"dp-icon-block-img\" style=\"background-image:url(https:\/\/orbittech.com\/wp-content\/uploads\/2022\/08\/precision-machining.png)\"><\/i><h4>Usinage de Pr\u00e9cision et Moulage sous Pression<\/h4>\n    <p>&#8211; M\u00e9tal ou plastique<br \/>\n&#8211; Prototype \u00e0 la production<br \/>\n&#8211; Bo\u00eetes de vitesse d&rsquo;arbre<br \/>\n&#8211; Extrusions<\/p>\n<div class=\"dp-iconbox-epandable collapse\" id=\"dp-iconbox-expandable-usinage-de-prc3a9cision-et-moulage-sous-pression-61\" ><p>- Die \/ usinage fonte<br \/>\n- Usinage des m\u00e9taux en fini poudre<br \/>\n- Tournant<br \/>\n- Sans Center<br \/>\n- Fraisage (bar, appartements et plaque)<br \/>\n- Dissipateurs de chaleur (refroidissement par eau et convection)<br \/>\n- Moulage sous pression (sable, de l'aluminium et de magn\u00e9sium)<br \/>\n- Finition secondaire et de placage de sp\u00e9cialit\u00e9<\/p>\n<\/div><a data-bs-toggle=\"collapse\" href=\"#dp-iconbox-expandable-usinage-de-prc3a9cision-et-moulage-sous-pression-61\" class=\"btn btn-link collapsed\"><span>En savoir plus<\/span><span>Lire moins<\/span><\/a>    \n    <\/div>\n    <\/div>[\/vc_column_inner][\/vc_row_inner][\/vc_column][\/vc_row][vc_row css=\u00a0\u00bb.vc_custom_1659375642696{padding-top: 0px !important;}\u00a0\u00bb][vc_column][vc_row_inner el_class=\u00a0\u00bbcontainer\u00a0\u00bb][vc_column_inner]<div class=\"dp-cta  wpb_animate_when_almost_visible wpb_fadeIn fadeIn\" style=\"background-image:url(https:\/\/orbittech.com\/wp-content\/uploads\/2022\/08\/cta-bg-scaled1.jpg)\">\r\n              <div class=\"dp-cta-inner\">\r\n                <h3>Contactez-nous pour lancer votre projet!<\/h3>\r\n                <a href=\"\/fr\/demander-un-devis\/\" class=\"btn btn-primary dp-btn-no-icon\">Demander un devis<\/a>\r\n              <\/div>\r\n            <\/div>[\/vc_column_inner][\/vc_row_inner][\/vc_column][\/vc_row]<\/p>\n<\/div>","protected":false},"excerpt":{"rendered":"<p>[vc_row equal_height=\u00a0\u00bbyes\u00a0\u00bb el_class=\u00a0\u00bbcontainer dp-products-services-sec\u00a0\u00bb][vc_column offset=\u00a0\u00bbvc_col-lg-4&Prime;][vc_custom_heading text=\u00a0\u00bbNous offrons une vari\u00e9t\u00e9 de produits et services\u00a0\u00bb use_theme_fonts=\u00a0\u00bbyes\u00a0\u00bb css_animation=\u00a0\u00bbfadeIn\u00a0\u00bb][vc_column_text css_animation=\u00a0\u00bbfadeIn\u00a0\u00bb]Orbit Technologies Inc. est un repr\u00e9sentant de fabricants de classe mondial de produits faits sur mesure et de services pour l&rsquo;industrie d&rsquo;\u00e9lectronique.[\/vc_column_text][vc_btn title=\u00a0\u00bbDemander un devis\u00a0\u00bb css_animation=\u00a0\u00bbfadeIn\u00a0\u00bb link=\u00a0\u00bburl:%2Ffr%2Fdemander-un-devis%2F\u00a0\u00bb][\/vc_column][vc_column offset=\u00a0\u00bbvc_col-lg-8&Prime;][vc_row_inner equal_height=\u00a0\u00bbyes\u00a0\u00bb][vc_column_inner width=\u00a0\u00bb1\/2&Prime;][\/vc_column_inner][vc_column_inner width=\u00a0\u00bb1\/2&Prime;][\/vc_column_inner][vc_column_inner width=\u00a0\u00bb1\/2&Prime;][\/vc_column_inner][vc_column_inner width=\u00a0\u00bb1\/2&Prime;][\/vc_column_inner][vc_column_inner width=\u00a0\u00bb1\/2&Prime;][\/vc_column_inner][vc_column_inner width=\u00a0\u00bb1\/2&Prime;][\/vc_column_inner][vc_column_inner width=\u00a0\u00bb1\/2&Prime;][\/vc_column_inner][vc_column_inner width=\u00a0\u00bb1\/2&Prime;][\/vc_column_inner][vc_column_inner width=\u00a0\u00bb1\/2&Prime;][\/vc_column_inner][vc_column_inner width=\u00a0\u00bb1\/2&Prime;][\/vc_column_inner][vc_column_inner width=\u00a0\u00bb1\/2&Prime;][\/vc_column_inner][vc_column_inner [&hellip;]<\/p>\n","protected":false},"author":1,"featured_media":113,"parent":0,"menu_order":0,"comment_status":"closed","ping_status":"closed","template":"","meta":{"_acf_changed":false,"footnotes":""},"class_list":["post-181","page","type-page","status-publish","has-post-thumbnail","hentry"],"acf":[],"_links":{"self":[{"href":"https:\/\/orbittech.com\/fr\/wp-json\/wp\/v2\/pages\/181","targetHints":{"allow":["GET"]}}],"collection":[{"href":"https:\/\/orbittech.com\/fr\/wp-json\/wp\/v2\/pages"}],"about":[{"href":"https:\/\/orbittech.com\/fr\/wp-json\/wp\/v2\/types\/page"}],"author":[{"embeddable":true,"href":"https:\/\/orbittech.com\/fr\/wp-json\/wp\/v2\/users\/1"}],"replies":[{"embeddable":true,"href":"https:\/\/orbittech.com\/fr\/wp-json\/wp\/v2\/comments?post=181"}],"version-history":[{"count":24,"href":"https:\/\/orbittech.com\/fr\/wp-json\/wp\/v2\/pages\/181\/revisions"}],"predecessor-version":[{"id":381,"href":"https:\/\/orbittech.com\/fr\/wp-json\/wp\/v2\/pages\/181\/revisions\/381"}],"wp:featuredmedia":[{"embeddable":true,"href":"https:\/\/orbittech.com\/fr\/wp-json\/wp\/v2\/media\/113"}],"wp:attachment":[{"href":"https:\/\/orbittech.com\/fr\/wp-json\/wp\/v2\/media?parent=181"}],"curies":[{"name":"wp","href":"https:\/\/api.w.org\/{rel}","templated":true}]}}